{"id":5160,"date":"2023-11-22T11:46:11","date_gmt":"2023-11-22T11:46:11","guid":{"rendered":"https:\/\/www.windtechnic.com\/?page_id=5160"},"modified":"2023-11-29T12:58:57","modified_gmt":"2023-11-29T12:58:57","slug":"politicas-de-privacidad","status":"publish","type":"page","link":"https:\/\/www.windtechnic.com\/es\/politicas-de-privacidad\/","title":{"rendered":"Pol\u00edticas de Privacidad"},"content":{"rendered":"\t\t<div data-elementor-type=\"wp-page\" data-elementor-id=\"5160\" class=\"elementor elementor-5160\" data-elementor-post-type=\"page\">\n\t\t\t\t<div class=\"elementor-element elementor-element-49c1477 e-flex e-con-boxed e-con e-parent\" data-id=\"49c1477\" data-element_type=\"container\" data-e-type=\"container\">\n\t\t\t\t\t<div class=\"e-con-inner\">\n\t\t\t\t<div class=\"elementor-element elementor-element-b19c56e elementor-widget elementor-widget-text-editor\" data-id=\"b19c56e\" data-element_type=\"widget\" data-e-type=\"widget\" data-widget_type=\"text-editor.default\">\n\t\t\t\t<div class=\"elementor-widget-container\">\n\t\t\t\t\t\t\t\t\t<p><strong>RESPONSABLE DEL TRATAMIENTO<br><\/strong>El responsable del tratamiento de los datos recabados es WINDTECHNIC ENGINEERING, S.L. (en adelante, WINDTECHNIC), sociedad de nacionalidad espa\u00f1ola, inscrita en el Registro Mercantil de Guip\u00fazcoa en el Tomo 2.605, Folio156, Hoja N\u00famero SS-35.535 e Inscripci\u00f3n 3\u00aa titular del N.I.F. B-95.456.059 y domicilio social en Paseo Lugaritz 21, 20018 San Sebasti\u00e1n (Guip\u00fazcoa).<\/p>\n<p>La presente Pol\u00edtica de Privacidad regula la recogida y tratamiento de los datos personales que sean proporcionados por los usuarios, cuando accedan, naveguen o hagan uso de las funcionalidades de la p\u00e1gina web, as\u00ed como cuando se pongan en contacto con WINDTECHNIC.<\/p>\n<p><strong>DATOS DE CAR\u00c1CTER PERSONAL<br><\/strong>Al ponerse en contacto con WINDTECHNIC, ya sea v\u00eda postal, por correo electr\u00f3nico o a trav\u00e9s del formulario a su disposici\u00f3n en el \u00e1rea de CONTACTO de la p\u00e1gina web, el usuario consiente y autoriza expresamente que WINDTECHNIC recoja los datos de car\u00e1cter personal que los usuarios voluntariamente le env\u00eden, de conformidad con las finalidades y bajo las condiciones que en cada caso se detallen.<\/p>\n<p><strong>RECOGIDA DE DATOS, FINALIDADES, BASE DE LEGITIMACI\u00d3N Y PLAZOS DE CONSERVACI\u00d3N<\/strong><\/p>\n<p><strong><u>Contacto<\/u><\/strong><\/p>\n<p>El usuario puede ponerse en contacto, a trav\u00e9s del correo electr\u00f3nico <a href=\"mailto:windtechnic@windtechnic.com\">windtechnic@windtechnic.com<\/a> o a trav\u00e9s del formulario a su disposici\u00f3n en el \u00e1rea de CONTACTO de la p\u00e1gina web&nbsp;.<\/p>\n<p>Deber\u00e1 facilitar sus datos identificativos, as\u00ed como el motivo, asunto o cuesti\u00f3n.<\/p>\n<p>WINDTECHNIC utilizar\u00e1 esos datos para tramitar la consulta y contactar con el usuario en relaci\u00f3n a la misma.<\/p>\n<p>La base jur\u00eddica del tratamiento de tales datos se sustenta en el consentimiento del usuario. El usuario deber\u00e1 aceptar la Pol\u00edtica de Privacidad de la p\u00e1gina web haciendo clic en la casilla a su disposici\u00f3n antes de pulsar el bot\u00f3n \u201cENVIAR\u201d. Al hacer clic en la casilla o enviar un correo electr\u00f3nico a la direcci\u00f3n se\u00f1alada, el usuario consiente al tratamiento de sus datos por parte de&nbsp;<span style=\"color: var( --e-global-color-text ); font-family: var( --e-global-typography-text-font-family ), Sans-serif; font-weight: var( --e-global-typography-text-font-weight ); text-align: var(--text-align);\">WINDTECHNIC ENGINEERING, S.L. (en adelante, WINDTECHNIC), sociedad de nacionalidad espa\u00f1ola, inscrita en el Registro Mercantil de Guip\u00fazcoa en el Tomo 2.605, Folio156, Hoja N\u00famero SS-35.535 e Inscripci\u00f3n 3\u00aa titular del N.I.F. B-95.456.059 y domicilio social en Paseo Lugaritz 21, 20018 San Sebasti\u00e1n (Guip\u00fazcoa).<\/span><\/p>\n<p>Asimismo, salvo obligaci\u00f3n legal o consentimiento expreso por parte del usuario a WINDTECHNIC, esta \u00faltima no va a ceder sus datos a terceras personas.<\/p>\n<p>El plazo de conservaci\u00f3n de los datos ser\u00e1 el per\u00edodo de tiempo que sea razonablemente necesario teniendo en cuenta la necesidad de WINDTECHNIC de dar respuesta a cuestiones que se planteen o resolver problemas, realizar mejoras, y cumplir los requisitos que exija la legislaci\u00f3n aplicable, pero en todo caso por el plazo m\u00e1ximo de DOS A\u00d1OS, salvo imperativo legal.<\/p>\n<p><strong><u>Env\u00edo de CV<\/u><\/strong><\/p>\n<p>El usuario puede enviar su curr\u00edculum vitae, a trav\u00e9s del correo electr\u00f3nico <a href=\"mailto:windtechnic@windtechnic.com\">windtechnic@windtechnic.com<\/a>, se\u00f1alando como asunto \u201cCV\u201d.<\/p>\n<p>Deber\u00e1 facilitar sus datos identificativos, adjuntar su curr\u00edculum vitae, as\u00ed como cualquier documento acreditativo de la veracidad de las afirmaciones expuestos en dicho curr\u00edculum vitae.<\/p>\n<p>WINDTECHNIC utilizar\u00e1 esos datos para la gesti\u00f3n del proceso de selecci\u00f3n de personal dentro de WINDTECHNIC y de la relaci\u00f3n del usuario como candidato a empleo.<\/p>\n<p>La base jur\u00eddica del tratamiento de tales datos se sustenta en el consentimiento del usuario para su inclusi\u00f3n en la base de datos de candidatos a empleo en WINDTECHNIC. Al enviar un correo electr\u00f3nico a la direcci\u00f3n se\u00f1alada, el usuario consiente al tratamiento de sus datos por parte de WINDTECHNIC.<\/p>\n<p>Asimismo, salvo obligaci\u00f3n legal o consentimiento expreso por parte del usuario a WINDTECHNIC, esta \u00faltima no va a ceder sus datos a terceras personas.<\/p>\n<p>Sus datos permanecer\u00e1n activos en la base de datos de candidatos de WINDTECHNIC durante DOS A\u00d1OS contados desde que usted facilit\u00f3 su curr\u00edculum a WINDTECHNIC. Una vez se cumpla este plazo, podr\u00eda ser de aplicaci\u00f3n del derecho al olvido impuesta por la legislaci\u00f3n vigente.<\/p>\n<p><strong><u>Cookies<\/u><\/strong><\/p>\n<p>La p\u00e1gina web dispone de tecnolog\u00eda para la implantaci\u00f3n de archivos denominados cookies en el equipo que sea utilizado para el acceso y navegaci\u00f3n por la p\u00e1gina web. Las cookies pueden ser bloqueadas o deshabilitadas en cualquier momento a trav\u00e9s de las opciones de configuraci\u00f3n del navegador. Si desea m\u00e1s informaci\u00f3n puede consultar nuestra Pol\u00edtica de Cookies&nbsp;<\/p>\n<p>La base jur\u00eddica del tratamiento de tales datos se sustenta en el consentimiento del usuario al acceder, navegar y hacer uso de la p\u00e1gina web.<\/p>\n<p><strong>EJERCICIO DE DERECHOS<\/strong><\/p>\n<p>Asimismo, el usuario puede revocar el consentimiento para el tratamiento en cualquier momento, haciendo ejercicio de los derechos de acceso, rectificaci\u00f3n, supresi\u00f3n, limitaci\u00f3n del tratamiento, derecho a ser notificado en relaci\u00f3n a los derechos anteriores, portabilidad, oposici\u00f3n y derecho a no ser objeto de una decisi\u00f3n basada \u00fanicamente en el tratamiento automatizado, incluida la elaboraci\u00f3n de perfiles, poni\u00e9ndolo en conocimiento de WINDTECHNIC a trav\u00e9s del correo electr\u00f3nico <a href=\"mailto:windtechnic@windtechnic.com\">windtechnic@windtechnic.com<\/a> o indic\u00e1ndolo a la direcci\u00f3n postal arriba indicada, se\u00f1alando como asunto Protecci\u00f3n de Datos. En alguna ocasi\u00f3n especial, podremos solicitar al usuario que acredite su identidad mediante documento oficial, por ejemplo, para para evitar el acceso a sus datos por parte de terceros.<\/p>\n<p>Por \u00faltimo, el usuario podr\u00e1 comunicar cualquier modificaci\u00f3n por escrito o solicitar la baja, indic\u00e1ndolo en cualquiera de las direcciones facilitadas.<\/p>\n<p>En cualquier momento, el usuario podr\u00e1 presentar una reclamaci\u00f3n ante la Agencia Espa\u00f1ola de Protecci\u00f3n de Datos para hacer valer sus derechos.<\/p>\n<p><strong>MEDIDAS DE SEGURIDAD<\/strong><\/p>\n<p>WINDTECHNIC ha adoptado y adoptar\u00e1 todas las medidas t\u00e9cnicas y organizativas de seguridad requeridos por la legislaci\u00f3n vigente y los est\u00e1ndares de calidad existentes en el sector, a fin de garantizar al m\u00e1ximo la seguridad y confidencialidad de las comunicaciones y la protecci\u00f3n de datos de car\u00e1cter personal que son objeto de tratamiento en cada momento. WINDTECHNIC garantiza que existen controles para prevenir la apertura de brechas en la seguridad u otras consecuencias negativas, adoptando las medidas organizativas y los procedimientos t\u00e9cnicos m\u00e1s adecuados con el fin de minimizar estos riesgos. No obstante, el usuario reconoce y acepta que las medidas de seguridad en Internet no son inexpugnables y que las redes utilizadas en Internet no son seguras y cualquier comunicaci\u00f3n enviada por este medio puede ser interceptada o modificada por personas no autorizadas, incluso pueden existir actuaciones dolosas de terceros, si bien WINDTECHNIC pone todos los medios a su alcance para evitar dichas actuaciones.<\/p>\n<p><strong>MENORES<\/strong><\/p>\n<p>Los menores de edad no podr\u00e1n usar los servicios disponibles a trav\u00e9s de la Web sin la previa autorizaci\u00f3n de sus padres, tutores o representantes legales, quienes ser\u00e1n los \u00fanicos responsables de todos los actos realizados a trav\u00e9s de la Web por los menores a su cargo.<\/p>\n<p><strong>MODIFICACI\u00d3N DE LA POL\u00cdTICA DE PRIVACIDAD<\/strong><\/p>\n<p>WINDTECHNIC se reserva el derecho de modificar en cualquier momento su Pol\u00edtica de Privacidad, respetando la legislaci\u00f3n vigente en materia de protecci\u00f3n de datos y previa la debida comunicaci\u00f3n a los interesados.<\/p>\n<p><strong>IDIOMA APLICABLE A LA PRESENTE POL\u00cdTICA DE PRIVACIDAD<\/strong><\/p>\n<p>El idioma aplicable a esta Pol\u00edtica de Privacidad es el espa\u00f1ol. Cualquier versi\u00f3n de la misma en idioma distinto es ofrecida para comodidad del usuario y para facilitar su comprensi\u00f3n. No obstante, esta Pol\u00edtica de Privacidad se regir\u00e1 siempre por su versi\u00f3n en espa\u00f1ol.<\/p>\n<p>En caso de contradicci\u00f3n entre la Pol\u00edtica de Privacidad en cualquier idioma y su versi\u00f3n en espa\u00f1ol, prevalecer\u00e1 la versi\u00f3n en espa\u00f1ol.<\/p>\n<p><\/p>\n<p><\/p>\t\t\t\t\t\t\t\t<\/div>\n\t\t\t\t<\/div>\n\t\t\t\t\t<\/div>\n\t\t\t\t<\/div>\n\t\t\t\t<\/div>\n\t\t","protected":false},"excerpt":{"rendered":"<p>RESPONSABLE DEL TRATAMIENTOEl responsable del tratamiento de los datos recabados es WINDTECHNIC ENGINEERING, S.L. (en adelante, WINDTECHNIC), sociedad de nacionalidad espa\u00f1ola, inscrita en el Registro Mercantil de Guip\u00fazcoa en el Tomo 2.605, Folio156, Hoja N\u00famero SS-35.535 e Inscripci\u00f3n 3\u00aa titular del N.I.F. B-95.456.059 y domicilio social en Paseo Lugaritz 21, 20018 San Sebasti\u00e1n (Guip\u00fazcoa). La [&hellip;]<\/p>\n","protected":false},"author":1,"featured_media":0,"parent":0,"menu_order":0,"comment_status":"closed","ping_status":"closed","template":"elementor_header_footer","meta":{"_acf_changed":false,"footnotes":""},"class_list":["post-5160","page","type-page","status-publish","hentry"],"acf":[],"yoast_head":"<!-- This site is optimized with the Yoast SEO plugin v27.2 - https:\/\/yoast.com\/product\/yoast-seo-wordpress\/ -->\n<title>Pol\u00edticas de Privacidad - Windtechnic<\/title>\n<meta name=\"robots\" content=\"index, follow, max-snippet:-1, max-image-preview:large, max-video-preview:-1\" \/>\n<link rel=\"canonical\" href=\"https:\/\/www.windtechnic.com\/es\/politicas-de-privacidad\/\" \/>\n<meta property=\"og:locale\" content=\"es_ES\" \/>\n<meta property=\"og:type\" content=\"article\" \/>\n<meta property=\"og:title\" content=\"Pol\u00edticas de Privacidad - Windtechnic\" \/>\n<meta property=\"og:description\" content=\"RESPONSABLE DEL TRATAMIENTOEl responsable del tratamiento de los datos recabados es WINDTECHNIC ENGINEERING, S.L. (en adelante, WINDTECHNIC), sociedad de nacionalidad espa\u00f1ola, inscrita en el Registro Mercantil de Guip\u00fazcoa en el Tomo 2.605, Folio156, Hoja N\u00famero SS-35.535 e Inscripci\u00f3n 3\u00aa titular del N.I.F. B-95.456.059 y domicilio social en Paseo Lugaritz 21, 20018 San Sebasti\u00e1n (Guip\u00fazcoa). La [&hellip;]\" \/>\n<meta property=\"og:url\" content=\"https:\/\/www.windtechnic.com\/es\/politicas-de-privacidad\/\" \/>\n<meta property=\"og:site_name\" content=\"Windtechnic\" \/>\n<meta property=\"article:modified_time\" content=\"2023-11-29T12:58:57+00:00\" \/>\n<meta name=\"twitter:card\" content=\"summary_large_image\" \/>\n<meta name=\"twitter:label1\" content=\"Tiempo de lectura\" \/>\n\t<meta name=\"twitter:data1\" content=\"7 minutos\" \/>\n<script type=\"application\/ld+json\" class=\"yoast-schema-graph\">{\"@context\":\"https:\/\/schema.org\",\"@graph\":[{\"@type\":\"WebPage\",\"@id\":\"https:\/\/www.windtechnic.com\/es\/politicas-de-privacidad\/\",\"url\":\"https:\/\/www.windtechnic.com\/es\/politicas-de-privacidad\/\",\"name\":\"Pol\u00edticas de Privacidad - Windtechnic\",\"isPartOf\":{\"@id\":\"https:\/\/www.windtechnic.com\/#website\"},\"datePublished\":\"2023-11-22T11:46:11+00:00\",\"dateModified\":\"2023-11-29T12:58:57+00:00\",\"breadcrumb\":{\"@id\":\"https:\/\/www.windtechnic.com\/es\/politicas-de-privacidad\/#breadcrumb\"},\"inLanguage\":\"es\",\"potentialAction\":[{\"@type\":\"ReadAction\",\"target\":[\"https:\/\/www.windtechnic.com\/es\/politicas-de-privacidad\/\"]}]},{\"@type\":\"BreadcrumbList\",\"@id\":\"https:\/\/www.windtechnic.com\/es\/politicas-de-privacidad\/#breadcrumb\",\"itemListElement\":[{\"@type\":\"ListItem\",\"position\":1,\"name\":\"Home\",\"item\":\"https:\/\/www.windtechnic.com\/es\/\"},{\"@type\":\"ListItem\",\"position\":2,\"name\":\"Pol\u00edticas de Privacidad\"}]},{\"@type\":\"WebSite\",\"@id\":\"https:\/\/www.windtechnic.com\/#website\",\"url\":\"https:\/\/www.windtechnic.com\/\",\"name\":\"Windtechnic\",\"description\":\"L\u00edderes en torres h\u00edbridas de hormig\u00f3n prefabricado y servicios de ingenier\u00eda personalizados\",\"publisher\":{\"@id\":\"https:\/\/www.windtechnic.com\/#organization\"},\"alternateName\":\"Windtechnic\",\"potentialAction\":[{\"@type\":\"SearchAction\",\"target\":{\"@type\":\"EntryPoint\",\"urlTemplate\":\"https:\/\/www.windtechnic.com\/?s={search_term_string}\"},\"query-input\":{\"@type\":\"PropertyValueSpecification\",\"valueRequired\":true,\"valueName\":\"search_term_string\"}}],\"inLanguage\":\"es\"},{\"@type\":\"Organization\",\"@id\":\"https:\/\/www.windtechnic.com\/#organization\",\"name\":\"Windtechnic\",\"alternateName\":\"Windtechnic\",\"url\":\"https:\/\/www.windtechnic.com\/\",\"logo\":{\"@type\":\"ImageObject\",\"inLanguage\":\"es\",\"@id\":\"https:\/\/www.windtechnic.com\/#\/schema\/logo\/image\/\",\"url\":\"https:\/\/www.windtechnic.com\/wp-content\/uploads\/2023\/07\/logo-windtechnic-2023@3x.png\",\"contentUrl\":\"https:\/\/www.windtechnic.com\/wp-content\/uploads\/2023\/07\/logo-windtechnic-2023@3x.png\",\"width\":1234,\"height\":203,\"caption\":\"Windtechnic\"},\"image\":{\"@id\":\"https:\/\/www.windtechnic.com\/#\/schema\/logo\/image\/\"},\"sameAs\":[\"https:\/\/www.linkedin.com\/company\/windtechnic-engineering\/\"]}]}<\/script>\n<!-- \/ Yoast SEO plugin. -->","yoast_head_json":{"title":"Pol\u00edticas de Privacidad - Windtechnic","robots":{"index":"index","follow":"follow","max-snippet":"max-snippet:-1","max-image-preview":"max-image-preview:large","max-video-preview":"max-video-preview:-1"},"canonical":"https:\/\/www.windtechnic.com\/es\/politicas-de-privacidad\/","og_locale":"es_ES","og_type":"article","og_title":"Pol\u00edticas de Privacidad - Windtechnic","og_description":"RESPONSABLE DEL TRATAMIENTOEl responsable del tratamiento de los datos recabados es WINDTECHNIC ENGINEERING, S.L. (en adelante, WINDTECHNIC), sociedad de nacionalidad espa\u00f1ola, inscrita en el Registro Mercantil de Guip\u00fazcoa en el Tomo 2.605, Folio156, Hoja N\u00famero SS-35.535 e Inscripci\u00f3n 3\u00aa titular del N.I.F. B-95.456.059 y domicilio social en Paseo Lugaritz 21, 20018 San Sebasti\u00e1n (Guip\u00fazcoa). La [&hellip;]","og_url":"https:\/\/www.windtechnic.com\/es\/politicas-de-privacidad\/","og_site_name":"Windtechnic","article_modified_time":"2023-11-29T12:58:57+00:00","twitter_card":"summary_large_image","twitter_misc":{"Tiempo de lectura":"7 minutos"},"schema":{"@context":"https:\/\/schema.org","@graph":[{"@type":"WebPage","@id":"https:\/\/www.windtechnic.com\/es\/politicas-de-privacidad\/","url":"https:\/\/www.windtechnic.com\/es\/politicas-de-privacidad\/","name":"Pol\u00edticas de Privacidad - Windtechnic","isPartOf":{"@id":"https:\/\/www.windtechnic.com\/#website"},"datePublished":"2023-11-22T11:46:11+00:00","dateModified":"2023-11-29T12:58:57+00:00","breadcrumb":{"@id":"https:\/\/www.windtechnic.com\/es\/politicas-de-privacidad\/#breadcrumb"},"inLanguage":"es","potentialAction":[{"@type":"ReadAction","target":["https:\/\/www.windtechnic.com\/es\/politicas-de-privacidad\/"]}]},{"@type":"BreadcrumbList","@id":"https:\/\/www.windtechnic.com\/es\/politicas-de-privacidad\/#breadcrumb","itemListElement":[{"@type":"ListItem","position":1,"name":"Home","item":"https:\/\/www.windtechnic.com\/es\/"},{"@type":"ListItem","position":2,"name":"Pol\u00edticas de Privacidad"}]},{"@type":"WebSite","@id":"https:\/\/www.windtechnic.com\/#website","url":"https:\/\/www.windtechnic.com\/","name":"Windtechnic","description":"L\u00edderes en torres h\u00edbridas de hormig\u00f3n prefabricado y servicios de ingenier\u00eda personalizados","publisher":{"@id":"https:\/\/www.windtechnic.com\/#organization"},"alternateName":"Windtechnic","potentialAction":[{"@type":"SearchAction","target":{"@type":"EntryPoint","urlTemplate":"https:\/\/www.windtechnic.com\/?s={search_term_string}"},"query-input":{"@type":"PropertyValueSpecification","valueRequired":true,"valueName":"search_term_string"}}],"inLanguage":"es"},{"@type":"Organization","@id":"https:\/\/www.windtechnic.com\/#organization","name":"Windtechnic","alternateName":"Windtechnic","url":"https:\/\/www.windtechnic.com\/","logo":{"@type":"ImageObject","inLanguage":"es","@id":"https:\/\/www.windtechnic.com\/#\/schema\/logo\/image\/","url":"https:\/\/www.windtechnic.com\/wp-content\/uploads\/2023\/07\/logo-windtechnic-2023@3x.png","contentUrl":"https:\/\/www.windtechnic.com\/wp-content\/uploads\/2023\/07\/logo-windtechnic-2023@3x.png","width":1234,"height":203,"caption":"Windtechnic"},"image":{"@id":"https:\/\/www.windtechnic.com\/#\/schema\/logo\/image\/"},"sameAs":["https:\/\/www.linkedin.com\/company\/windtechnic-engineering\/"]}]}},"_links":{"self":[{"href":"https:\/\/www.windtechnic.com\/es\/wp-json\/wp\/v2\/pages\/5160","targetHints":{"allow":["GET"]}}],"collection":[{"href":"https:\/\/www.windtechnic.com\/es\/wp-json\/wp\/v2\/pages"}],"about":[{"href":"https:\/\/www.windtechnic.com\/es\/wp-json\/wp\/v2\/types\/page"}],"author":[{"embeddable":true,"href":"https:\/\/www.windtechnic.com\/es\/wp-json\/wp\/v2\/users\/1"}],"replies":[{"embeddable":true,"href":"https:\/\/www.windtechnic.com\/es\/wp-json\/wp\/v2\/comments?post=5160"}],"version-history":[{"count":7,"href":"https:\/\/www.windtechnic.com\/es\/wp-json\/wp\/v2\/pages\/5160\/revisions"}],"predecessor-version":[{"id":5544,"href":"https:\/\/www.windtechnic.com\/es\/wp-json\/wp\/v2\/pages\/5160\/revisions\/5544"}],"wp:attachment":[{"href":"https:\/\/www.windtechnic.com\/es\/wp-json\/wp\/v2\/media?parent=5160"}],"curies":[{"name":"wp","href":"https:\/\/api.w.org\/{rel}","templated":true}]}}