{"id":5147,"date":"2023-11-22T10:39:59","date_gmt":"2023-11-22T10:39:59","guid":{"rendered":"https:\/\/www.windtechnic.com\/?page_id=5147"},"modified":"2023-11-22T10:48:41","modified_gmt":"2023-11-22T10:48:41","slug":"aviso-legal","status":"publish","type":"page","link":"https:\/\/www.windtechnic.com\/es\/aviso-legal\/","title":{"rendered":"Aviso Legal"},"content":{"rendered":"\t\t<div data-elementor-type=\"wp-page\" data-elementor-id=\"5147\" class=\"elementor elementor-5147\" data-elementor-post-type=\"page\">\n\t\t\t\t<div class=\"elementor-element elementor-element-49c1477 e-flex e-con-boxed e-con e-parent\" data-id=\"49c1477\" data-element_type=\"container\" data-e-type=\"container\">\n\t\t\t\t\t<div class=\"e-con-inner\">\n\t\t\t\t<div class=\"elementor-element elementor-element-b19c56e elementor-widget elementor-widget-text-editor\" data-id=\"b19c56e\" data-element_type=\"widget\" data-e-type=\"widget\" data-widget_type=\"text-editor.default\">\n\t\t\t\t<div class=\"elementor-widget-container\">\n\t\t\t\t\t\t\t\t\t<p><strong>INFORMACI\u00d3N LEGAL<\/strong><\/p><p>La presente p\u00e1gina web es propiedad de WINDTECHNIC ENGINEERING, S.L. (en adelante, WINDTECHNIC), sociedad de nacionalidad espa\u00f1ola, inscrita en el Registro Mercantil de Guip\u00fazcoa en el Tomo 2.605, Folio156, Hoja N\u00famero SS-35.535 e Inscripci\u00f3n 3\u00aa titular del N.I.F. B-95.456.059 y domicilio social en Paseo Lugaritz 21, 20018 San Sebasti\u00e1n (Guip\u00fazcoa). Puede ponerse en contacto con nosotros en esa misma direcci\u00f3n por correo postal, a trav\u00e9s del correo electr\u00f3nico <a href=\"mailto:windtechnic@windtechnic.com\">windtechnic@windtechnic.com<\/a> o mediante el formulario que se encuentra en el \u00e1rea de CONTACTO de la p\u00e1gina web.<\/p><p><strong>CONDICIONES DE USO<\/strong><\/p><p>La p\u00e1gina web de WINDTECHNIC puede contener enlaces (links) a otras p\u00e1ginas de terceras partes que WINDTECHNIC no puede controlar. Por lo que WINDTECHNIC no puede asumir responsabilidades por el contenido que pueda aparecer en p\u00e1ginas de terceros.<\/p><p>Los textos, im\u00e1genes, sonidos, animaciones, software y el resto de contenidos incluidos en esta p\u00e1gina web son propiedad exclusiva de WINDTECHNIC o sus licenciantes. Cualquier acto de transmisi\u00f3n, distribuci\u00f3n, cesi\u00f3n, reproducci\u00f3n, almacenamiento o comunicaci\u00f3n p\u00fablica total o parcial, debe contar con su consentimiento expreso.<\/p><p><strong>FUERZA MAYOR<\/strong><\/p><p>Sin perjuicio de lo anterior, WINDTECHNIC no ser\u00e1 responsable de los retrasos o fallos que se produjeran en el acceso, funcionamiento y operatividad de la p\u00e1gina web, sus contenidos, as\u00ed como tampoco de las interrupciones, suspensiones o el mal funcionamiento del mismo, cuando tuvieren su origen en aver\u00edas producidas, entre otros, por cat\u00e1strofes naturales como terremotos, inundaciones, rayos o incendios, crisis sanitarias, situaciones de fuerza mayor, situaciones de urgencia extrema tales como guerras, operaciones militares, disturbios civiles, huelgas, cierres patronales o cualquier otra situaci\u00f3n de fuerza mayor o causa fortuita.<\/p><p><strong>PROPIEDAD INTELECTUAL E INDUSTRIAL Y OTROS DERECHOS<\/strong><\/p><p>Los derechos de propiedad intelectual del contenido de la p\u00e1gina web, su dise\u00f1o gr\u00e1fico y c\u00f3digos son de WINDTECHNIC en exclusiva o cuenta con los derechos para su publicaci\u00f3n y, por tanto, queda prohibida su reproducci\u00f3n, distribuci\u00f3n, comunicaci\u00f3n p\u00fablica, transformaci\u00f3n o cualquier otra actividad que se pueda realizar con los contenidos de su p\u00e1gina web ni aun citando las fuentes, salvo consentimiento por escrito de WINDTECHNIC.<\/p><p>Todos los nombres comerciales, marcas o signos distintos de cualquier clase contenidos en la p\u00e1gina web de WINDTECHNIC son propiedad de sus due\u00f1os y est\u00e1n protegidos por ley.<\/p><p><strong>LEGISLACI\u00d3N Y JURISDICCI\u00d3N COMPETENTE<\/strong><\/p><p>La p\u00e1gina web es operada y controlada por WINDTECHNIC desde sus oficinas en San Sebasti\u00e1n (Guip\u00fazcoa, Espa\u00f1a). Consecuentemente, todas las cuestiones que pudieran derivarse del acceso y\/o uso de la misma se entender\u00e1n reguladas e interpretadas de conformidad con la legislaci\u00f3n espa\u00f1ola.<\/p><p>En el caso de que el usuario tenga su domicilio fuera de Espa\u00f1a, WINDTECHNIC y el usuario se someter\u00e1n, con renuncia expresa a cualquier otro fuero, a los Juzgados y Tribunales de San Sebasti\u00e1n para resolver cualquier controversia que pueda surgir en la interpretaci\u00f3n o ejecuci\u00f3n de las presentes condiciones contractuales o extracontractuales.<\/p><p>\u00a0<\/p>\t\t\t\t\t\t\t\t<\/div>\n\t\t\t\t<\/div>\n\t\t\t\t\t<\/div>\n\t\t\t\t<\/div>\n\t\t\t\t<\/div>\n\t\t","protected":false},"excerpt":{"rendered":"<p>INFORMACI\u00d3N LEGAL La presente p\u00e1gina web es propiedad de WINDTECHNIC ENGINEERING, S.L. (en adelante, WINDTECHNIC), sociedad de nacionalidad espa\u00f1ola, inscrita en el Registro Mercantil de Guip\u00fazcoa en el Tomo 2.605, Folio156, Hoja N\u00famero SS-35.535 e Inscripci\u00f3n 3\u00aa titular del N.I.F. B-95.456.059 y domicilio social en Paseo Lugaritz 21, 20018 San Sebasti\u00e1n (Guip\u00fazcoa). Puede ponerse en [&hellip;]<\/p>\n","protected":false},"author":1,"featured_media":0,"parent":0,"menu_order":0,"comment_status":"closed","ping_status":"closed","template":"elementor_header_footer","meta":{"_acf_changed":false,"footnotes":""},"class_list":["post-5147","page","type-page","status-publish","hentry"],"acf":[],"yoast_head":"<!-- This site is optimized with the Yoast SEO plugin v27.2 - https:\/\/yoast.com\/product\/yoast-seo-wordpress\/ -->\n<title>Aviso Legal - Windtechnic<\/title>\n<meta name=\"robots\" content=\"index, follow, max-snippet:-1, max-image-preview:large, max-video-preview:-1\" \/>\n<link rel=\"canonical\" href=\"https:\/\/www.windtechnic.com\/es\/aviso-legal\/\" \/>\n<meta property=\"og:locale\" content=\"es_ES\" \/>\n<meta property=\"og:type\" content=\"article\" \/>\n<meta property=\"og:title\" content=\"Aviso Legal - Windtechnic\" \/>\n<meta property=\"og:description\" content=\"INFORMACI\u00d3N LEGAL La presente p\u00e1gina web es propiedad de WINDTECHNIC ENGINEERING, S.L. (en adelante, WINDTECHNIC), sociedad de nacionalidad espa\u00f1ola, inscrita en el Registro Mercantil de Guip\u00fazcoa en el Tomo 2.605, Folio156, Hoja N\u00famero SS-35.535 e Inscripci\u00f3n 3\u00aa titular del N.I.F. B-95.456.059 y domicilio social en Paseo Lugaritz 21, 20018 San Sebasti\u00e1n (Guip\u00fazcoa). Puede ponerse en [&hellip;]\" \/>\n<meta property=\"og:url\" content=\"https:\/\/www.windtechnic.com\/es\/aviso-legal\/\" \/>\n<meta property=\"og:site_name\" content=\"Windtechnic\" \/>\n<meta property=\"article:modified_time\" content=\"2023-11-22T10:48:41+00:00\" \/>\n<meta name=\"twitter:card\" content=\"summary_large_image\" \/>\n<meta name=\"twitter:label1\" content=\"Tiempo de lectura\" \/>\n\t<meta name=\"twitter:data1\" content=\"3 minutos\" \/>\n<script type=\"application\/ld+json\" class=\"yoast-schema-graph\">{\"@context\":\"https:\/\/schema.org\",\"@graph\":[{\"@type\":\"WebPage\",\"@id\":\"https:\/\/www.windtechnic.com\/es\/aviso-legal\/\",\"url\":\"https:\/\/www.windtechnic.com\/es\/aviso-legal\/\",\"name\":\"Aviso Legal - Windtechnic\",\"isPartOf\":{\"@id\":\"https:\/\/www.windtechnic.com\/#website\"},\"datePublished\":\"2023-11-22T10:39:59+00:00\",\"dateModified\":\"2023-11-22T10:48:41+00:00\",\"breadcrumb\":{\"@id\":\"https:\/\/www.windtechnic.com\/es\/aviso-legal\/#breadcrumb\"},\"inLanguage\":\"es\",\"potentialAction\":[{\"@type\":\"ReadAction\",\"target\":[\"https:\/\/www.windtechnic.com\/es\/aviso-legal\/\"]}]},{\"@type\":\"BreadcrumbList\",\"@id\":\"https:\/\/www.windtechnic.com\/es\/aviso-legal\/#breadcrumb\",\"itemListElement\":[{\"@type\":\"ListItem\",\"position\":1,\"name\":\"Home\",\"item\":\"https:\/\/www.windtechnic.com\/es\/\"},{\"@type\":\"ListItem\",\"position\":2,\"name\":\"Aviso Legal\"}]},{\"@type\":\"WebSite\",\"@id\":\"https:\/\/www.windtechnic.com\/#website\",\"url\":\"https:\/\/www.windtechnic.com\/\",\"name\":\"Windtechnic\",\"description\":\"L\u00edderes en torres h\u00edbridas de hormig\u00f3n prefabricado y servicios de ingenier\u00eda personalizados\",\"publisher\":{\"@id\":\"https:\/\/www.windtechnic.com\/#organization\"},\"alternateName\":\"Windtechnic\",\"potentialAction\":[{\"@type\":\"SearchAction\",\"target\":{\"@type\":\"EntryPoint\",\"urlTemplate\":\"https:\/\/www.windtechnic.com\/?s={search_term_string}\"},\"query-input\":{\"@type\":\"PropertyValueSpecification\",\"valueRequired\":true,\"valueName\":\"search_term_string\"}}],\"inLanguage\":\"es\"},{\"@type\":\"Organization\",\"@id\":\"https:\/\/www.windtechnic.com\/#organization\",\"name\":\"Windtechnic\",\"alternateName\":\"Windtechnic\",\"url\":\"https:\/\/www.windtechnic.com\/\",\"logo\":{\"@type\":\"ImageObject\",\"inLanguage\":\"es\",\"@id\":\"https:\/\/www.windtechnic.com\/#\/schema\/logo\/image\/\",\"url\":\"https:\/\/www.windtechnic.com\/wp-content\/uploads\/2023\/07\/logo-windtechnic-2023@3x.png\",\"contentUrl\":\"https:\/\/www.windtechnic.com\/wp-content\/uploads\/2023\/07\/logo-windtechnic-2023@3x.png\",\"width\":1234,\"height\":203,\"caption\":\"Windtechnic\"},\"image\":{\"@id\":\"https:\/\/www.windtechnic.com\/#\/schema\/logo\/image\/\"},\"sameAs\":[\"https:\/\/www.linkedin.com\/company\/windtechnic-engineering\/\"]}]}<\/script>\n<!-- \/ Yoast SEO plugin. -->","yoast_head_json":{"title":"Aviso Legal - Windtechnic","robots":{"index":"index","follow":"follow","max-snippet":"max-snippet:-1","max-image-preview":"max-image-preview:large","max-video-preview":"max-video-preview:-1"},"canonical":"https:\/\/www.windtechnic.com\/es\/aviso-legal\/","og_locale":"es_ES","og_type":"article","og_title":"Aviso Legal - Windtechnic","og_description":"INFORMACI\u00d3N LEGAL La presente p\u00e1gina web es propiedad de WINDTECHNIC ENGINEERING, S.L. (en adelante, WINDTECHNIC), sociedad de nacionalidad espa\u00f1ola, inscrita en el Registro Mercantil de Guip\u00fazcoa en el Tomo 2.605, Folio156, Hoja N\u00famero SS-35.535 e Inscripci\u00f3n 3\u00aa titular del N.I.F. B-95.456.059 y domicilio social en Paseo Lugaritz 21, 20018 San Sebasti\u00e1n (Guip\u00fazcoa). Puede ponerse en [&hellip;]","og_url":"https:\/\/www.windtechnic.com\/es\/aviso-legal\/","og_site_name":"Windtechnic","article_modified_time":"2023-11-22T10:48:41+00:00","twitter_card":"summary_large_image","twitter_misc":{"Tiempo de lectura":"3 minutos"},"schema":{"@context":"https:\/\/schema.org","@graph":[{"@type":"WebPage","@id":"https:\/\/www.windtechnic.com\/es\/aviso-legal\/","url":"https:\/\/www.windtechnic.com\/es\/aviso-legal\/","name":"Aviso Legal - Windtechnic","isPartOf":{"@id":"https:\/\/www.windtechnic.com\/#website"},"datePublished":"2023-11-22T10:39:59+00:00","dateModified":"2023-11-22T10:48:41+00:00","breadcrumb":{"@id":"https:\/\/www.windtechnic.com\/es\/aviso-legal\/#breadcrumb"},"inLanguage":"es","potentialAction":[{"@type":"ReadAction","target":["https:\/\/www.windtechnic.com\/es\/aviso-legal\/"]}]},{"@type":"BreadcrumbList","@id":"https:\/\/www.windtechnic.com\/es\/aviso-legal\/#breadcrumb","itemListElement":[{"@type":"ListItem","position":1,"name":"Home","item":"https:\/\/www.windtechnic.com\/es\/"},{"@type":"ListItem","position":2,"name":"Aviso Legal"}]},{"@type":"WebSite","@id":"https:\/\/www.windtechnic.com\/#website","url":"https:\/\/www.windtechnic.com\/","name":"Windtechnic","description":"L\u00edderes en torres h\u00edbridas de hormig\u00f3n prefabricado y servicios de ingenier\u00eda personalizados","publisher":{"@id":"https:\/\/www.windtechnic.com\/#organization"},"alternateName":"Windtechnic","potentialAction":[{"@type":"SearchAction","target":{"@type":"EntryPoint","urlTemplate":"https:\/\/www.windtechnic.com\/?s={search_term_string}"},"query-input":{"@type":"PropertyValueSpecification","valueRequired":true,"valueName":"search_term_string"}}],"inLanguage":"es"},{"@type":"Organization","@id":"https:\/\/www.windtechnic.com\/#organization","name":"Windtechnic","alternateName":"Windtechnic","url":"https:\/\/www.windtechnic.com\/","logo":{"@type":"ImageObject","inLanguage":"es","@id":"https:\/\/www.windtechnic.com\/#\/schema\/logo\/image\/","url":"https:\/\/www.windtechnic.com\/wp-content\/uploads\/2023\/07\/logo-windtechnic-2023@3x.png","contentUrl":"https:\/\/www.windtechnic.com\/wp-content\/uploads\/2023\/07\/logo-windtechnic-2023@3x.png","width":1234,"height":203,"caption":"Windtechnic"},"image":{"@id":"https:\/\/www.windtechnic.com\/#\/schema\/logo\/image\/"},"sameAs":["https:\/\/www.linkedin.com\/company\/windtechnic-engineering\/"]}]}},"_links":{"self":[{"href":"https:\/\/www.windtechnic.com\/es\/wp-json\/wp\/v2\/pages\/5147","targetHints":{"allow":["GET"]}}],"collection":[{"href":"https:\/\/www.windtechnic.com\/es\/wp-json\/wp\/v2\/pages"}],"about":[{"href":"https:\/\/www.windtechnic.com\/es\/wp-json\/wp\/v2\/types\/page"}],"author":[{"embeddable":true,"href":"https:\/\/www.windtechnic.com\/es\/wp-json\/wp\/v2\/users\/1"}],"replies":[{"embeddable":true,"href":"https:\/\/www.windtechnic.com\/es\/wp-json\/wp\/v2\/comments?post=5147"}],"version-history":[{"count":10,"href":"https:\/\/www.windtechnic.com\/es\/wp-json\/wp\/v2\/pages\/5147\/revisions"}],"predecessor-version":[{"id":5158,"href":"https:\/\/www.windtechnic.com\/es\/wp-json\/wp\/v2\/pages\/5147\/revisions\/5158"}],"wp:attachment":[{"href":"https:\/\/www.windtechnic.com\/es\/wp-json\/wp\/v2\/media?parent=5147"}],"curies":[{"name":"wp","href":"https:\/\/api.w.org\/{rel}","templated":true}]}}