{"id":191,"date":"2023-07-13T14:15:47","date_gmt":"2023-07-13T14:15:47","guid":{"rendered":"https:\/\/www.windtechnic.com\/?page_id=191"},"modified":"2023-12-29T10:23:36","modified_gmt":"2023-12-29T10:23:36","slug":"contacto","status":"publish","type":"page","link":"https:\/\/www.windtechnic.com\/es\/contacto\/","title":{"rendered":"Contacto"},"content":{"rendered":"\t\t<div data-elementor-type=\"wp-page\" data-elementor-id=\"191\" class=\"elementor elementor-191\" data-elementor-post-type=\"page\">\n\t\t\t\t<div class=\"elementor-element elementor-element-cefe798 e-con-full e-flex e-con e-parent\" data-id=\"cefe798\" data-element_type=\"container\" data-e-type=\"container\">\n\t\t<div class=\"elementor-element elementor-element-bbdb8b0 e-con-full e-flex e-con e-child\" data-id=\"bbdb8b0\" data-element_type=\"container\" data-e-type=\"container\">\n\t\t\t\t<div class=\"elementor-element elementor-element-bfaf5be elementor-widget elementor-widget-heading\" data-id=\"bfaf5be\" data-element_type=\"widget\" data-e-type=\"widget\" data-widget_type=\"heading.default\">\n\t\t\t\t<div class=\"elementor-widget-container\">\n\t\t\t\t\t<h2 class=\"elementor-heading-title elementor-size-default\">Contacto<\/h2>\t\t\t\t<\/div>\n\t\t\t\t<\/div>\n\t\t\t\t<div class=\"elementor-element elementor-element-45b2366 elementor-widget elementor-widget-text-editor\" data-id=\"45b2366\" data-element_type=\"widget\" data-e-type=\"widget\" data-widget_type=\"text-editor.default\">\n\t\t\t\t<div class=\"elementor-widget-container\">\n\t\t\t\t\t\t\t\t\t<p>Paseo Lugaritz 21<br \/>20018 San Sebasti\u00e1n, Espa\u00f1a<br \/><a href=\"mailto:windtechnic@windtechnic.com\" target=\"_blank\" rel=\"noopener\">windtechnic@windtechnic.com<\/a><br \/>(+34) 943 31 68 68<\/p>\t\t\t\t\t\t\t\t<\/div>\n\t\t\t\t<\/div>\n\t\t\t\t<\/div>\n\t\t<div class=\"elementor-element elementor-element-1add683 e-con-full e-flex e-con e-child\" data-id=\"1add683\" data-element_type=\"container\" data-e-type=\"container\">\n\t\t\t\t<div class=\"elementor-element elementor-element-ed0747e elementor-widget elementor-widget-google_maps\" data-id=\"ed0747e\" data-element_type=\"widget\" data-e-type=\"widget\" data-widget_type=\"google_maps.default\">\n\t\t\t\t<div class=\"elementor-widget-container\">\n\t\t\t\t\t\t\t<div class=\"elementor-custom-embed\">\n\t\t\t<iframe loading=\"lazy\"\n\t\t\t\t\tsrc=\"https:\/\/maps.google.com\/maps?q=Paseo%20Lugaritz%2021%2020018%20San%20Sebasti%C3%A1n%2C%20Espa%C3%B1a%20%20%20&#038;t=m&#038;z=13&#038;output=embed&#038;iwloc=near\"\n\t\t\t\t\ttitle=\"Paseo Lugaritz 21 20018 San Sebasti\u00e1n, Espa\u00f1a   \"\n\t\t\t\t\taria-label=\"Paseo Lugaritz 21 20018 San Sebasti\u00e1n, Espa\u00f1a   \"\n\t\t\t><\/iframe>\n\t\t<\/div>\n\t\t\t\t\t\t<\/div>\n\t\t\t\t<\/div>\n\t\t\t\t<\/div>\n\t\t\t\t<\/div>\n\t\t<div class=\"elementor-element elementor-element-dc3fea7 e-flex e-con-boxed e-con e-parent\" data-id=\"dc3fea7\" data-element_type=\"container\" data-e-type=\"container\">\n\t\t\t\t\t<div class=\"e-con-inner\">\n\t\t\t\t<div class=\"elementor-element elementor-element-5486ef9 elementor-widget elementor-widget-heading\" data-id=\"5486ef9\" data-element_type=\"widget\" data-e-type=\"widget\" data-widget_type=\"heading.default\">\n\t\t\t\t<div class=\"elementor-widget-container\">\n\t\t\t\t\t<h2 class=\"elementor-heading-title elementor-size-default\">Otras delegaciones<\/h2>\t\t\t\t<\/div>\n\t\t\t\t<\/div>\n\t\t<div class=\"elementor-element elementor-element-f7ddcaf e-flex e-con-boxed e-con e-child\" data-id=\"f7ddcaf\" data-element_type=\"container\" data-e-type=\"container\">\n\t\t\t\t\t<div class=\"e-con-inner\">\n\t\t<div class=\"elementor-element elementor-element-a469fc0 e-con-full e-flex e-con e-child\" data-id=\"a469fc0\" data-element_type=\"container\" data-e-type=\"container\">\n\t\t\t\t<div class=\"elementor-element elementor-element-b41a23c elementor-widget elementor-widget-heading\" data-id=\"b41a23c\" data-element_type=\"widget\" data-e-type=\"widget\" data-widget_type=\"heading.default\">\n\t\t\t\t<div class=\"elementor-widget-container\">\n\t\t\t\t\t<h2 class=\"elementor-heading-title elementor-size-default\">Sud\u00e1frica<\/h2>\t\t\t\t<\/div>\n\t\t\t\t<\/div>\n\t\t\t\t<div class=\"elementor-element elementor-element-619892e elementor-widget elementor-widget-text-editor\" data-id=\"619892e\" data-element_type=\"widget\" data-e-type=\"widget\" data-widget_type=\"text-editor.default\">\n\t\t\t\t<div class=\"elementor-widget-container\">\n\t\t\t\t\t\t\t\t\t<p><strong>ACME Concrete Masonry<br \/>Enterprises (PTY) Ltd.<\/strong><br \/>2A2 The Avenues Business Park <br \/>Western Cape 7441<br \/><a href=\"mailto:ccoetzee@concreteunits.co.za\">ccoetzee@concreteunits.co.za<\/a><br \/><a href=\"mailto:windtechnic@windtechnic.com\">windtechnic@windtechnic.com<\/a><\/p>\t\t\t\t\t\t\t\t<\/div>\n\t\t\t\t<\/div>\n\t\t\t\t<\/div>\n\t\t<div class=\"elementor-element elementor-element-4c290d3 e-con-full e-flex e-con e-child\" data-id=\"4c290d3\" data-element_type=\"container\" data-e-type=\"container\">\n\t\t\t\t<div class=\"elementor-element elementor-element-e2b43d9 elementor-widget elementor-widget-heading\" data-id=\"e2b43d9\" data-element_type=\"widget\" data-e-type=\"widget\" data-widget_type=\"heading.default\">\n\t\t\t\t<div class=\"elementor-widget-container\">\n\t\t\t\t\t<h2 class=\"elementor-heading-title elementor-size-default\">ARGENTINA<\/h2>\t\t\t\t<\/div>\n\t\t\t\t<\/div>\n\t\t\t\t<div class=\"elementor-element elementor-element-d35134f elementor-widget elementor-widget-text-editor\" data-id=\"d35134f\" data-element_type=\"widget\" data-e-type=\"widget\" data-widget_type=\"text-editor.default\">\n\t\t\t\t<div class=\"elementor-widget-container\">\n\t\t\t\t\t\t\t\t\t<p><strong>Windtechnic Engineering SL<\/strong><br \/>Calle Tucum\u00e1n 1, Piso 4<br \/>Ciudad Aut\u00f3noma de Buenos Aires<br \/><a href=\"mailto:windtechnic@windtechnic.com\">windtechnic@windtechnic.com<\/a><\/p>\t\t\t\t\t\t\t\t<\/div>\n\t\t\t\t<\/div>\n\t\t\t\t<\/div>\n\t\t<div class=\"elementor-element elementor-element-049e786 e-con-full e-flex e-con e-child\" data-id=\"049e786\" data-element_type=\"container\" data-e-type=\"container\">\n\t\t\t\t<div class=\"elementor-element elementor-element-6536cf6 elementor-widget elementor-widget-heading\" data-id=\"6536cf6\" data-element_type=\"widget\" data-e-type=\"widget\" data-widget_type=\"heading.default\">\n\t\t\t\t<div class=\"elementor-widget-container\">\n\t\t\t\t\t<h2 class=\"elementor-heading-title elementor-size-default\">CHILE<\/h2>\t\t\t\t<\/div>\n\t\t\t\t<\/div>\n\t\t\t\t<div class=\"elementor-element elementor-element-da102f7 elementor-widget elementor-widget-text-editor\" data-id=\"da102f7\" data-element_type=\"widget\" data-e-type=\"widget\" data-widget_type=\"text-editor.default\">\n\t\t\t\t<div class=\"elementor-widget-container\">\n\t\t\t\t\t\t\t\t\t<p><strong>Consorcio VSL Windtechnic SpA<\/strong><br \/>Rosario Norte n\u00famero 532, piso 7<br \/>Las Condes, Santiago de Chile<br \/><a href=\"mailto:windtechnic@windtechnic.com\">windtechnic@windtechnic.com<\/a><\/p>\t\t\t\t\t\t\t\t<\/div>\n\t\t\t\t<\/div>\n\t\t\t\t<\/div>\n\t\t\t\t\t<\/div>\n\t\t\t\t<\/div>\n\t\t\t\t\t<\/div>\n\t\t\t\t<\/div>\n\t\t<div class=\"elementor-element elementor-element-d52afe3 e-con-full e-flex e-con e-parent\" data-id=\"d52afe3\" data-element_type=\"container\" data-e-type=\"container\" data-settings=\"{&quot;background_background&quot;:&quot;classic&quot;}\">\n\t\t<div class=\"elementor-element elementor-element-740b0bc e-flex e-con-boxed e-con e-child\" data-id=\"740b0bc\" data-element_type=\"container\" data-e-type=\"container\">\n\t\t\t\t\t<div class=\"e-con-inner\">\n\t\t<div class=\"elementor-element elementor-element-d27b5e5 e-con-full e-flex e-con e-child\" data-id=\"d27b5e5\" data-element_type=\"container\" data-e-type=\"container\">\n\t\t\t\t<div class=\"elementor-element elementor-element-aa576a4 elementor-widget elementor-widget-heading\" data-id=\"aa576a4\" data-element_type=\"widget\" data-e-type=\"widget\" data-widget_type=\"heading.default\">\n\t\t\t\t<div class=\"elementor-widget-container\">\n\t\t\t\t\t<h2 class=\"elementor-heading-title elementor-size-default\">Trabaja con nosotros<\/h2>\t\t\t\t<\/div>\n\t\t\t\t<\/div>\n\t\t\t\t<\/div>\n\t\t<div class=\"elementor-element elementor-element-abf0675 e-con-full e-flex e-con e-child\" data-id=\"abf0675\" data-element_type=\"container\" data-e-type=\"container\">\n\t\t\t\t<div class=\"elementor-element elementor-element-a3d20da elementor-widget elementor-widget-text-editor\" data-id=\"a3d20da\" data-element_type=\"widget\" data-e-type=\"widget\" data-widget_type=\"text-editor.default\">\n\t\t\t\t<div class=\"elementor-widget-container\">\n\t\t\t\t\t\t\t\t\t<p>En Windtechnic, estamos constantemente en busca de talento para impulsar nuestros proyectos. <br \/>Si est\u00e1s interesado en formar parte de nuestro equipo, no dudes en ponerte en contacto con nosotros. <br \/>Juntos, podemos construir un futuro prometedor en el sector de la energ\u00eda e\u00f3lica.<\/p>\t\t\t\t\t\t\t\t<\/div>\n\t\t\t\t<\/div>\n\t\t\t\t<\/div>\n\t\t\t\t\t<\/div>\n\t\t\t\t<\/div>\n\t\t<div class=\"elementor-element elementor-element-421852b e-flex e-con-boxed e-con e-child\" data-id=\"421852b\" data-element_type=\"container\" data-e-type=\"container\">\n\t\t\t\t\t<div class=\"e-con-inner\">\n\t\t<div class=\"elementor-element elementor-element-0e70085 e-con-full e-flex e-con e-child\" data-id=\"0e70085\" data-element_type=\"container\" data-e-type=\"container\">\n\t\t\t\t<div class=\"elementor-element elementor-element-690b4eb elementor-button-align-end elementor-widget elementor-widget-form\" data-id=\"690b4eb\" data-element_type=\"widget\" data-e-type=\"widget\" data-settings=\"{&quot;step_next_label&quot;:&quot;Siguiente&quot;,&quot;step_previous_label&quot;:&quot;Anterior&quot;,&quot;button_width&quot;:&quot;100&quot;,&quot;step_type&quot;:&quot;number_text&quot;,&quot;step_icon_shape&quot;:&quot;circle&quot;}\" data-widget_type=\"form.default\">\n\t\t\t\t<div class=\"elementor-widget-container\">\n\t\t\t\t\t\t\t<form class=\"elementor-form\" method=\"post\" name=\"formulario windtechnic\" aria-label=\"formulario windtechnic\">\n\t\t\t<input type=\"hidden\" name=\"post_id\" value=\"191\"\/>\n\t\t\t<input type=\"hidden\" name=\"form_id\" value=\"690b4eb\"\/>\n\t\t\t<input type=\"hidden\" name=\"referer_title\" value=\"Contacto - Windtechnic\" \/>\n\n\t\t\t\t\t\t\t<input type=\"hidden\" name=\"queried_id\" value=\"191\"\/>\n\t\t\t\n\t\t\t<div class=\"elementor-form-fields-wrapper elementor-labels-\">\n\t\t\t\t\t\t\t\t<div class=\"elementor-field-type-text elementor-field-group elementor-column elementor-field-group-name elementor-col-50\">\n\t\t\t\t\t\t\t\t\t\t\t\t<label for=\"form-field-name\" class=\"elementor-field-label elementor-screen-only\">\n\t\t\t\t\t\t\t\tNombre\t\t\t\t\t\t\t<\/label>\n\t\t\t\t\t\t\t\t\t\t\t\t\t\t<input size=\"1\" type=\"text\" name=\"form_fields[name]\" id=\"form-field-name\" class=\"elementor-field elementor-size-sm  elementor-field-textual\" placeholder=\"Nombre\">\n\t\t\t\t\t\t\t\t\t\t\t<\/div>\n\t\t\t\t\t\t\t\t<div class=\"elementor-field-type-email elementor-field-group elementor-column elementor-field-group-email elementor-col-50 elementor-field-required\">\n\t\t\t\t\t\t\t\t\t\t\t\t<label for=\"form-field-email\" class=\"elementor-field-label elementor-screen-only\">\n\t\t\t\t\t\t\t\tCorreo electr\u00f3nico\t\t\t\t\t\t\t<\/label>\n\t\t\t\t\t\t\t\t\t\t\t\t\t\t<input size=\"1\" type=\"email\" name=\"form_fields[email]\" id=\"form-field-email\" class=\"elementor-field elementor-size-sm  elementor-field-textual\" placeholder=\"Correo electr\u00f3nico\" required=\"required\">\n\t\t\t\t\t\t\t\t\t\t\t<\/div>\n\t\t\t\t\t\t\t\t<div class=\"elementor-field-type-textarea elementor-field-group elementor-column elementor-field-group-message elementor-col-100 elementor-field-required\">\n\t\t\t\t\t\t\t\t\t\t\t\t<label for=\"form-field-message\" class=\"elementor-field-label elementor-screen-only\">\n\t\t\t\t\t\t\t\tMensaje\t\t\t\t\t\t\t<\/label>\n\t\t\t\t\t\t<textarea class=\"elementor-field-textual elementor-field  elementor-size-sm\" name=\"form_fields[message]\" id=\"form-field-message\" rows=\"8\" placeholder=\"Mensaje\" required=\"required\"><\/textarea>\t\t\t\t<\/div>\n\t\t\t\t\t\t\t\t<div class=\"elementor-field-type-upload elementor-field-group elementor-column elementor-field-group-field_c660779 elementor-col-100\">\n\t\t\t\t\t\t\t\t\t\t\t\t<label for=\"form-field-field_c660779\" class=\"elementor-field-label elementor-screen-only\">\n\t\t\t\t\t\t\t\tSubir  archivo\t\t\t\t\t\t\t<\/label>\n\t\t\t\t\t\t\t\t<input type=\"file\" name=\"form_fields[field_c660779]\" id=\"form-field-field_c660779\" class=\"elementor-field elementor-size-sm  elementor-upload-field\">\n\n\t\t\t\t\t\t<\/div>\n\t\t\t\t\t\t\t\t<div class=\"elementor-field-type-acceptance elementor-field-group elementor-column elementor-field-group-field_aeb3402 elementor-col-100 elementor-field-required\">\n\t\t\t\t\t\t\t\t\t\t\t\t<label for=\"form-field-field_aeb3402\" class=\"elementor-field-label elementor-screen-only\">\n\t\t\t\t\t\t\t\tPrivacidad\t\t\t\t\t\t\t<\/label>\n\t\t\t\t\t\t\t\t<div class=\"elementor-field-subgroup\">\n\t\t\t<span class=\"elementor-field-option\">\n\t\t\t\t<input type=\"checkbox\" name=\"form_fields[field_aeb3402]\" id=\"form-field-field_aeb3402\" class=\"elementor-field elementor-size-sm  elementor-acceptance-field\" required=\"required\">\n\t\t\t\t<label for=\"form-field-field_aeb3402\">Acepto la <a href=\"https:\/\/www.windtechnic.com\/politicas-de-privacidad\/\"target=\"_blank\" >Pol\u00edtica de Privacidad<\/a> <\/label>\t\t\t<\/span>\n\t\t<\/div>\n\t\t\t\t\t\t<\/div>\n\t\t\t\t\t\t\t\t<div class=\"elementor-field-type-recaptcha_v3 elementor-field-group elementor-column elementor-field-group-field_548390a elementor-col-100 recaptcha_v3-bottomright\">\n\t\t\t\t\t<div class=\"elementor-field\" id=\"form-field-field_548390a\"><div class=\"elementor-g-recaptcha\" data-sitekey=\"6Lcfuj8pAAAAANLsN7VNTaD9RBH48WV2saalKzy5\" data-type=\"v3\" data-action=\"Form\" data-badge=\"bottomright\" data-size=\"invisible\"><\/div><\/div>\t\t\t\t<\/div>\n\t\t\t\t\t\t\t\t<div class=\"elementor-field-group elementor-column elementor-field-type-submit elementor-col-100 e-form__buttons\">\n\t\t\t\t\t<button class=\"elementor-button elementor-size-sm\" type=\"submit\">\n\t\t\t\t\t\t<span class=\"elementor-button-content-wrapper\">\n\t\t\t\t\t\t\t\t\t\t\t\t\t\t\t\t\t\t\t\t\t\t<span class=\"elementor-button-text\">Enviar<\/span>\n\t\t\t\t\t\t\t\t\t\t\t\t\t<\/span>\n\t\t\t\t\t<\/button>\n\t\t\t\t<\/div>\n\t\t\t<\/div>\n\t\t<\/form>\n\t\t\t\t\t\t<\/div>\n\t\t\t\t<\/div>\n\t\t\t\t<\/div>\n\t\t\t\t\t<\/div>\n\t\t\t\t<\/div>\n\t\t\t\t<\/div>\n\t\t\t\t<\/div>\n\t\t","protected":false},"excerpt":{"rendered":"<p>Paseo Lugaritz 2120018 San Sebasti\u00e1n, Espa\u00f1awindtechnic@windtechnic.com(+34) 943 31 68 68 Otras delegaciones Sud\u00e1frica ACME Concrete MasonryEnterprises (PTY) Ltd.2A2 The Avenues Business Park Western Cape 7441ccoetzee@concreteunits.co.zawindtechnic@windtechnic.com ARGENTINA Windtechnic Engineering SLCalle Tucum\u00e1n 1, Piso 4Ciudad Aut\u00f3noma de Buenos Aireswindtechnic@windtechnic.com CHILE Consorcio VSL Windtechnic SpARosario Norte n\u00famero 532, piso 7Las Condes, Santiago de Chilewindtechnic@windtechnic.com Trabaja con nosotros En [&hellip;]<\/p>\n","protected":false},"author":1,"featured_media":0,"parent":0,"menu_order":0,"comment_status":"closed","ping_status":"closed","template":"elementor_header_footer","meta":{"_acf_changed":false,"footnotes":""},"class_list":["post-191","page","type-page","status-publish","hentry"],"acf":[],"yoast_head":"<!-- This site is optimized with the Yoast SEO plugin v27.2 - https:\/\/yoast.com\/product\/yoast-seo-wordpress\/ -->\n<title>Contacto - Windtechnic<\/title>\n<meta name=\"robots\" content=\"index, follow, max-snippet:-1, max-image-preview:large, max-video-preview:-1\" \/>\n<link rel=\"canonical\" href=\"https:\/\/www.windtechnic.com\/es\/contacto\/\" \/>\n<meta property=\"og:locale\" content=\"es_ES\" \/>\n<meta property=\"og:type\" content=\"article\" \/>\n<meta property=\"og:title\" content=\"Contacto - Windtechnic\" \/>\n<meta property=\"og:description\" content=\"Paseo Lugaritz 2120018 San Sebasti\u00e1n, Espa\u00f1awindtechnic@windtechnic.com(+34) 943 31 68 68 Otras delegaciones Sud\u00e1frica ACME Concrete MasonryEnterprises (PTY) Ltd.2A2 The Avenues Business Park Western Cape 7441ccoetzee@concreteunits.co.zawindtechnic@windtechnic.com ARGENTINA Windtechnic Engineering SLCalle Tucum\u00e1n 1, Piso 4Ciudad Aut\u00f3noma de Buenos Aireswindtechnic@windtechnic.com CHILE Consorcio VSL Windtechnic SpARosario Norte n\u00famero 532, piso 7Las Condes, Santiago de Chilewindtechnic@windtechnic.com Trabaja con nosotros En [&hellip;]\" \/>\n<meta property=\"og:url\" content=\"https:\/\/www.windtechnic.com\/es\/contacto\/\" \/>\n<meta property=\"og:site_name\" content=\"Windtechnic\" \/>\n<meta property=\"article:modified_time\" content=\"2023-12-29T10:23:36+00:00\" \/>\n<meta name=\"twitter:card\" content=\"summary_large_image\" \/>\n<meta name=\"twitter:label1\" content=\"Tiempo de lectura\" \/>\n\t<meta name=\"twitter:data1\" content=\"1 minuto\" \/>\n<script type=\"application\/ld+json\" class=\"yoast-schema-graph\">{\"@context\":\"https:\/\/schema.org\",\"@graph\":[{\"@type\":\"WebPage\",\"@id\":\"https:\/\/www.windtechnic.com\/es\/contacto\/\",\"url\":\"https:\/\/www.windtechnic.com\/es\/contacto\/\",\"name\":\"Contacto - Windtechnic\",\"isPartOf\":{\"@id\":\"https:\/\/www.windtechnic.com\/#website\"},\"datePublished\":\"2023-07-13T14:15:47+00:00\",\"dateModified\":\"2023-12-29T10:23:36+00:00\",\"breadcrumb\":{\"@id\":\"https:\/\/www.windtechnic.com\/es\/contacto\/#breadcrumb\"},\"inLanguage\":\"es\",\"potentialAction\":[{\"@type\":\"ReadAction\",\"target\":[\"https:\/\/www.windtechnic.com\/es\/contacto\/\"]}]},{\"@type\":\"BreadcrumbList\",\"@id\":\"https:\/\/www.windtechnic.com\/es\/contacto\/#breadcrumb\",\"itemListElement\":[{\"@type\":\"ListItem\",\"position\":1,\"name\":\"Home\",\"item\":\"https:\/\/www.windtechnic.com\/es\/\"},{\"@type\":\"ListItem\",\"position\":2,\"name\":\"Contacto\"}]},{\"@type\":\"WebSite\",\"@id\":\"https:\/\/www.windtechnic.com\/#website\",\"url\":\"https:\/\/www.windtechnic.com\/\",\"name\":\"Windtechnic\",\"description\":\"L\u00edderes en torres h\u00edbridas de hormig\u00f3n prefabricado y servicios de ingenier\u00eda personalizados\",\"publisher\":{\"@id\":\"https:\/\/www.windtechnic.com\/#organization\"},\"alternateName\":\"Windtechnic\",\"potentialAction\":[{\"@type\":\"SearchAction\",\"target\":{\"@type\":\"EntryPoint\",\"urlTemplate\":\"https:\/\/www.windtechnic.com\/?s={search_term_string}\"},\"query-input\":{\"@type\":\"PropertyValueSpecification\",\"valueRequired\":true,\"valueName\":\"search_term_string\"}}],\"inLanguage\":\"es\"},{\"@type\":\"Organization\",\"@id\":\"https:\/\/www.windtechnic.com\/#organization\",\"name\":\"Windtechnic\",\"alternateName\":\"Windtechnic\",\"url\":\"https:\/\/www.windtechnic.com\/\",\"logo\":{\"@type\":\"ImageObject\",\"inLanguage\":\"es\",\"@id\":\"https:\/\/www.windtechnic.com\/#\/schema\/logo\/image\/\",\"url\":\"https:\/\/www.windtechnic.com\/wp-content\/uploads\/2023\/07\/logo-windtechnic-2023@3x.png\",\"contentUrl\":\"https:\/\/www.windtechnic.com\/wp-content\/uploads\/2023\/07\/logo-windtechnic-2023@3x.png\",\"width\":1234,\"height\":203,\"caption\":\"Windtechnic\"},\"image\":{\"@id\":\"https:\/\/www.windtechnic.com\/#\/schema\/logo\/image\/\"},\"sameAs\":[\"https:\/\/www.linkedin.com\/company\/windtechnic-engineering\/\"]}]}<\/script>\n<!-- \/ Yoast SEO plugin. -->","yoast_head_json":{"title":"Contacto - Windtechnic","robots":{"index":"index","follow":"follow","max-snippet":"max-snippet:-1","max-image-preview":"max-image-preview:large","max-video-preview":"max-video-preview:-1"},"canonical":"https:\/\/www.windtechnic.com\/es\/contacto\/","og_locale":"es_ES","og_type":"article","og_title":"Contacto - Windtechnic","og_description":"Paseo Lugaritz 2120018 San Sebasti\u00e1n, Espa\u00f1awindtechnic@windtechnic.com(+34) 943 31 68 68 Otras delegaciones Sud\u00e1frica ACME Concrete MasonryEnterprises (PTY) Ltd.2A2 The Avenues Business Park Western Cape 7441ccoetzee@concreteunits.co.zawindtechnic@windtechnic.com ARGENTINA Windtechnic Engineering SLCalle Tucum\u00e1n 1, Piso 4Ciudad Aut\u00f3noma de Buenos Aireswindtechnic@windtechnic.com CHILE Consorcio VSL Windtechnic SpARosario Norte n\u00famero 532, piso 7Las Condes, Santiago de Chilewindtechnic@windtechnic.com Trabaja con nosotros En [&hellip;]","og_url":"https:\/\/www.windtechnic.com\/es\/contacto\/","og_site_name":"Windtechnic","article_modified_time":"2023-12-29T10:23:36+00:00","twitter_card":"summary_large_image","twitter_misc":{"Tiempo de lectura":"1 minuto"},"schema":{"@context":"https:\/\/schema.org","@graph":[{"@type":"WebPage","@id":"https:\/\/www.windtechnic.com\/es\/contacto\/","url":"https:\/\/www.windtechnic.com\/es\/contacto\/","name":"Contacto - Windtechnic","isPartOf":{"@id":"https:\/\/www.windtechnic.com\/#website"},"datePublished":"2023-07-13T14:15:47+00:00","dateModified":"2023-12-29T10:23:36+00:00","breadcrumb":{"@id":"https:\/\/www.windtechnic.com\/es\/contacto\/#breadcrumb"},"inLanguage":"es","potentialAction":[{"@type":"ReadAction","target":["https:\/\/www.windtechnic.com\/es\/contacto\/"]}]},{"@type":"BreadcrumbList","@id":"https:\/\/www.windtechnic.com\/es\/contacto\/#breadcrumb","itemListElement":[{"@type":"ListItem","position":1,"name":"Home","item":"https:\/\/www.windtechnic.com\/es\/"},{"@type":"ListItem","position":2,"name":"Contacto"}]},{"@type":"WebSite","@id":"https:\/\/www.windtechnic.com\/#website","url":"https:\/\/www.windtechnic.com\/","name":"Windtechnic","description":"L\u00edderes en torres h\u00edbridas de hormig\u00f3n prefabricado y servicios de ingenier\u00eda personalizados","publisher":{"@id":"https:\/\/www.windtechnic.com\/#organization"},"alternateName":"Windtechnic","potentialAction":[{"@type":"SearchAction","target":{"@type":"EntryPoint","urlTemplate":"https:\/\/www.windtechnic.com\/?s={search_term_string}"},"query-input":{"@type":"PropertyValueSpecification","valueRequired":true,"valueName":"search_term_string"}}],"inLanguage":"es"},{"@type":"Organization","@id":"https:\/\/www.windtechnic.com\/#organization","name":"Windtechnic","alternateName":"Windtechnic","url":"https:\/\/www.windtechnic.com\/","logo":{"@type":"ImageObject","inLanguage":"es","@id":"https:\/\/www.windtechnic.com\/#\/schema\/logo\/image\/","url":"https:\/\/www.windtechnic.com\/wp-content\/uploads\/2023\/07\/logo-windtechnic-2023@3x.png","contentUrl":"https:\/\/www.windtechnic.com\/wp-content\/uploads\/2023\/07\/logo-windtechnic-2023@3x.png","width":1234,"height":203,"caption":"Windtechnic"},"image":{"@id":"https:\/\/www.windtechnic.com\/#\/schema\/logo\/image\/"},"sameAs":["https:\/\/www.linkedin.com\/company\/windtechnic-engineering\/"]}]}},"_links":{"self":[{"href":"https:\/\/www.windtechnic.com\/es\/wp-json\/wp\/v2\/pages\/191","targetHints":{"allow":["GET"]}}],"collection":[{"href":"https:\/\/www.windtechnic.com\/es\/wp-json\/wp\/v2\/pages"}],"about":[{"href":"https:\/\/www.windtechnic.com\/es\/wp-json\/wp\/v2\/types\/page"}],"author":[{"embeddable":true,"href":"https:\/\/www.windtechnic.com\/es\/wp-json\/wp\/v2\/users\/1"}],"replies":[{"embeddable":true,"href":"https:\/\/www.windtechnic.com\/es\/wp-json\/wp\/v2\/comments?post=191"}],"version-history":[{"count":181,"href":"https:\/\/www.windtechnic.com\/es\/wp-json\/wp\/v2\/pages\/191\/revisions"}],"predecessor-version":[{"id":6506,"href":"https:\/\/www.windtechnic.com\/es\/wp-json\/wp\/v2\/pages\/191\/revisions\/6506"}],"wp:attachment":[{"href":"https:\/\/www.windtechnic.com\/es\/wp-json\/wp\/v2\/media?parent=191"}],"curies":[{"name":"wp","href":"https:\/\/api.w.org\/{rel}","templated":true}]}}